{"id":177,"date":"2022-02-16T19:25:41","date_gmt":"2022-02-16T10:25:41","guid":{"rendered":"https:\/\/www.kyorin-u.ac.jp\/univ\/faculty\/medicine\/_manage\/?page_id=177"},"modified":"2025-07-02T17:10:58","modified_gmt":"2025-07-02T08:10:58","slug":"breast-surg","status":"publish","type":"page","link":"https:\/\/www.kyorin-u.ac.jp\/univ\/faculty\/medicine\/education\/labo\/breast-surg\/","title":{"rendered":"\u4e73\u817a\u5916\u79d1\u5b66\u6559\u5ba4"},"content":{"rendered":" <section class=\"BlkAnchorArea\"><div class=\"BlkAnchorArea__inner\"><ul class=\"anchorMenu\"><li><a class=\"p-anchor\" href=\"#teacher\"><span>\u6559\u54e1<\/span><\/a><\/li><li><a class=\"p-anchor\" href=\"#summary\"><span>\u6982\u8981<\/span><\/a><\/li><li><a class=\"p-anchor\" href=\"#study\"><span>\u7814\u7a76<\/span><\/a><\/li><li><a class=\"p-anchor\" href=\"#achieve\"><span>\u696d\u7e3e<\/span><\/a><\/li><\/ul><\/div><\/section> \r\n<!--div class=\"BlkArticle__Lead\">\r\n        <p class=\"BlkArticle__Lead__txt\"><\/p>\r\n      <\/div-->\r\n<section class=\"BlkArticle__Contents--notLead\">\r\n  <div class=\"BlkArticle__btnlink--multi\">\r\n    <div class=\"BlkArticle__btnlink\">\r\n      <p><a class=\"u-icon_blank\" href=\"https:\/\/www.kyorin-u.ac.jp\/hospital\/clinic\/surgery03\/\" target=\"_blank\" rel=\"noopener\"><span>\u8a3a\u7642\u79d1\u7d39\u4ecb\uff08\u4ed8\u5c5e\u75c5\u9662\uff09<\/span><\/a><\/p>\r\n    <\/div>\r\n    <div class=\"BlkArticle__btnlink\">\r\n      <p><a class=\"u-icon_blank\" href=\"https:\/\/www.kyorin-u.ac.jp\/hospital\/edcenter\/index.php\/lt_training\/lt_program\" target=\"_blank\" rel=\"noopener\"><span>\u5c02\u9580\u7814\u4fee\u30d7\u30ed\u30b0\u30e9\u30e0<\/span><\/a><\/p>\r\n    <\/div>\r\n  <\/div>\r\n<\/section>\r\n<a id=\"teacher\" name=\"teacher\"><\/a>\r\n<section class=\"BlkArticle__Contents BlkArticle__Contents--notLead\">\r\n  <h2>\u6559\u5ba4\u5c02\u4efb\u6559\u54e1<\/h2>\r\n  <h3>\u4ed8\u5c5e\u75c5\u9662\u30fb\u4e09\u9df9\u30ad\u30e3\u30f3\u30d1\u30b9<\/h3>\r\n  \n<!-- staffdb 2023.08.15 -->\n<div><table class=\"BlkArticle__tableNormal BlkArticle__tableNormal--topLeft\" width=\"100%\" data-update=\"2023.08.15\"><tbody><tr><th>\u6559\u6388<\/th><td><ul class=\"list-on-td\"><li data-sort=\"0\uff0f23014\"><a href=\"\/univ\/faculty\/medicine\/education\/staffnew\/detail\/?id=med23014\" class=\"arrow\">\u677e\u672c\u3000\u6681\u5b50<\/a><\/li><\/ul><\/td><\/tr><tr><th>\u8b1b\u5e2b<\/th><td><ul class=\"list-on-td\"><li data-sort=\"0\uff0f23015\"><a href=\"\/univ\/faculty\/medicine\/education\/staffnew\/detail\/?id=med23015\" class=\"arrow\">\u6cb3\u5408\u3000\u4f51\u5b50<\/a><\/li><\/ul><\/td><\/tr><\/tbody><\/table><\/div> <\/section>\r\n<a id=\"summary\" name=\"summary\"><\/a>\r\n<section class=\"BlkArticle__Contents BlkArticle__Contents--notLead\">\r\n  <h2>\u6559\u5ba4\u6982\u8981<\/h2>\r\n  <p>\u65e5\u672c\u4eba\u5973\u6027\u306e\u4e73\u304c\u3093\u306f\u751f\u6daf\u30679\u4eba\u306b\uff11\u4eba\u304c\u7f79\u60a3\u3059\u308b\u3068\u63a8\u5b9a\u3055\u308c\u3001\u5e74\u959310\u4e07\u4eba\u4ee5\u4e0a\u306e\u65b9\u304c\u8a3a\u65ad\u3055\u308c\u3066\u3044\u307e\u3059\u3002\u65e5\u672c\u4eba\u5973\u6027\u306e\u60aa\u6027\u816b\u760d\u306e\u7b2c1\u4f4d\u3067\u3042\u308b\u4e73\u304c\u3093\u3092\u514b\u670d\u3059\u3079\u304f\u3001\u4e73\u817a\u75be\u60a3\u306e\u8a3a\u65ad\u3068\u6cbb\u7642\u3092\u884c\u3063\u3066\u3044\u307e\u3059\u3002\u65e9\u671f\u4e73\u304c\u3093\u3067\u306f\u3001\u624b\u8853\u30fb\u85ac\u7269\u30fb\u653e\u5c04\u7dda\u306b\u3088\u308b\u96c6\u5b66\u7684\u6cbb\u7642\u306b\u3088\u308b\u6cbb\u7652\u3092\u76ee\u6307\u3059\u3068\u3082\u306b\u3001\u5f62\u6210\u5916\u79d1\u3068\u5171\u540c\u3067\u4e73\u623f\u518d\u5efa\u8853\u3092\u7a4d\u6975\u7684\u306b\u884c\u3063\u3066\u3044\u307e\u3059\u3002\u307e\u305f\u3001\u907a\u4f1d\u6027\u4e73\u304c\u3093\u306e\u30ea\u30b9\u30af\u4f4e\u6e1b\u4e73\u623f\u5207\u9664\u8853\u3068\u4e73\u623f\u518d\u5efa\u8853\u3082\u9032\u3081\u3066\u3044\u307e\u3059\u3002\u9032\u884c\u30fb\u518d\u767a\u4e73\u304c\u3093\u3067\u306f\u3001\u52b9\u679c\u4e88\u6e2c\u56e0\u5b50\u306b\u57fa\u3065\u3044\u305f\u6cbb\u7642\u3092\u9032\u3081\u308b\u4e00\u65b9\u3001\u6cbb\u7642\u62b5\u6297\u6027\u3068\u306a\u3063\u305f\u5834\u5408\u306f\u75c7\u72b6\u7de9\u548c\u306e\u305f\u3081\u306e\u5bfe\u75c7\u7642\u6cd5\u3068\u7cbe\u795e\u7684\u306a\u30b1\u30a2\u3092\u884c\u3044\u3001\u793e\u4f1a\u751f\u6d3b\u306e\u8cea\u304c\u9577\u304f\u4fdd\u305f\u308c\u308b\u3088\u3046\u306b\u52aa\u3081\u3066\u3044\u307e\u3059\u3002<\/p>\r\n<\/section>\r\n<section class=\"BlkArticle__Contents BlkArticle__Contents--notLead\">\r\n  <h2>\u6559\u80b2\u306e\u7279\u8272<\/h2>\r\n  <p>\u5b66\u751f\u306f\u3001\u75c5\u68df\u53ca\u3073\u5916\u6765\u306b\u304a\u3044\u3066\u4e73\u304c\u3093\u60a3\u8005\u3068\u305d\u306e\u5bb6\u65cf\u3068\u306e\u89e6\u308c\u5408\u3044\u3092\u901a\u3057\u3066\u3001\u4e73\u304c\u3093\u3092\u7406\u89e3\u3059\u308b\u3068\u3068\u3082\u306b\u3001\u764c\u3067\u75c5\u3093\u3060\u4eba\u3005\u306e\u5fc3\u306e\u30b1\u30a2\u306b\u3064\u3044\u3066\u5b66\u3073\u307e\u3059\u3002\u521d\u671f\u7814\u4fee\u3067\u306f\u3001\u57fa\u672c\u7684\u306a\u8a3a\u7642\u6280\u8853\u306e\u7fd2\u5f97\u3068\u3068\u3082\u306b\u3001\u4e73\u304c\u3093\u306e\u8a3a\u65ad\u3068\u6cbb\u7642\u306b\u3064\u3044\u3066\u5b66\u3073\u307e\u3059\u3002\u5f8c\u671f\u7814\u4fee\u3067\u306f\u3001\u5b9f\u8df5\u7684\u306a\u4e73\u304c\u3093\u306e\u8a3a\u65ad\u3001\u624b\u8853\u7642\u6cd5\u3001\u85ac\u7269\u7642\u6cd5\u3092\u30ab\u30ea\u30ad\u30e5\u30e9\u30e0\u306b\u57fa\u3065\u3044\u3066\u7fd2\u5f97\u3057\u307e\u3059\u3002\u6700\u521d\u306e3\u5e74\u9593\u3067\u5916\u79d1\u5c02\u9580\u533b\u306e\u53d6\u5f97\u3092\u76ee\u6307\u3057\u307e\u3059\u304c\u3001\u9023\u52d5\u7814\u4fee\u3068\u3057\u3066\u4e73\u817a\u5916\u79d1\u5c02\u9580\u533b\u306e\u4fee\u7df4\u3082\u53ef\u80fd\u3067\u3059\u304b\u3089\u3001\u533b\u5e2b\u3068\u306a\u308a\u6700\u77ed\u30677\u5e74\u5f8c\u306b\u306f\u5916\u79d1\u5c02\u9580\u533b\u3068\u4e73\u817a\u5916\u79d1\u5c02\u9580\u533b\u306e\u8cc7\u683c\u304c\u53d6\u5f97\u3067\u304d\u307e\u3059\u3002\u3055\u3089\u306b\u3001\u533b\u54e1\u3068\u3057\u3066\u56fd\u5185\u5916\u306e\u304c\u3093\u95a2\u9023\u5b66\u4f1a\u306b\u304a\u3051\u308b\u767a\u8868\u3068\u8ad6\u6587\u3092\u4f5c\u6210\u3044\u305f\u3060\u304d\u3001\u4e73\u817a\u5c02\u9580\u533b\u3092\u6307\u5c0e\u3067\u304d\u308b\u533b\u5e2b\u3092\u76ee\u6307\u3057\u307e\u3059\u3002\u56fd\u969b\u7684\u306a\u8996\u91ce\u3092\u6301\u3064\u4e73\u817a\u5c02\u9580\u533b\u3092\u4e16\u306b\u8f29\u51fa\u3057\u3066\u3044\u304f\u3053\u3068\u304c\u5f53\u79d1\u306e\u4f7f\u547d\u3067\u3059\u3002<\/p>\r\n<\/section>\r\n<section class=\"BlkArticle__Contents BlkArticle__Contents--notLead\">\r\n  <h2>\u793e\u4f1a\u7684\u6d3b\u52d5<\/h2>\r\n  <p>\u591a\u6469\u5730\u533a\u306b\u304a\u3051\u308b\u4e73\u304c\u3093\u8a3a\u7642\u306e\u5411\u4e0a\u3092\u76ee\u6307\u3057\u3066\u3001\u5b66\u8853\u96c6\u4f1a\u4e26\u3073\u306b\u52c9\u5f37\u4f1a\u3092\u958b\u50ac\u3057\u3066\u3044\u307e\u3059\u3002\u4e73\u304c\u3093\u691c\u8a3a\u306b\u304a\u3051\u308b\u753b\u50cf\u8a3a\u65ad\u306e\u8aad\u5f71\u4f1a\u306b\u53c2\u52a0\u3057\u3066\u3044\u307e\u3059\u3002\u5e741\u56de\u3001\u4e95\u306e\u982d\u4e73\u817a\u75be\u60a3\u7814\u7a76\u4f1a\u3092\u958b\u50ac\u3057\u3066\u3001\u4e09\u9df9\u5e02\u3001\u6b66\u8535\u91ce\u5e02\u3001\u6749\u4e26\u533a\u3001\u8abf\u5e03\u5e02\u306e\u533b\u5e2b\u4f1a\u3068\u306e\u4ea4\u6d41\u3092\u9032\u3081\u3066\u3044\u307e\u3059\u3002\u8fd1\u96a3\u5730\u533a\u306e\u533b\u7642\u6a5f\u95a2\u3068\u306e\u8a3a\u7642\u9023\u643a\u3082\u7a4d\u6975\u7684\u306b\u5c55\u958b\u3057\u3066\u3044\u307e\u3059\u3002<\/p>\r\n<\/section>\r\n<a id=\"study\" name=\"study\"><\/a>\r\n<section class=\"BlkArticle__Contents BlkArticle__Contents--notLead\">\r\n  <h2>\u7814\u7a76\u30c6\u30fc\u30de<\/h2>\r\n  <p>\u672c\u6559\u5ba4\u306e\u7406\u5ff5\u3067\u3042\u308b\u771f\u300c\u816b\u760d\u5b66\u306e\u771f\u7406\u306e\u63a2\u6c42\u300d\u3001\u5584\u300c\u8b19\u865a\u305f\u308b\u4eba\u6750\u306e\u80b2\u6210\u300d\u3001\u7f8e\u300c\u30a2\u30fc\u30c8\u3068\u3057\u3066\u306e\u304c\u3093\u6cbb\u7642\u306e\u5275\u9020\u300d\u3092\u76ee\u6307\u3057\u3066\u3001\u57fa\u790e\u4e26\u3073\u306b\u81e8\u5e8a\u306e\u7814\u7a76\u306b\u53d6\u308a\u7d44\u3093\u3067\u3044\u307e\u3059\u3002\u56fd\u5185\u5916\u306e\u81e8\u5e8a\u8a66\u9a13\u3001\u81e8\u5e8a\u7814\u7a76\u3084\u6cbb\u9a13\u306b\u53c2\u52a0\u3059\u308b\u3068\u3068\u3082\u306b\u3001\u4e00\u90e8\u306e\u7814\u7a76\u3067\u306f\u6307\u5c0e\u7684\u306a\u7acb\u5834\u3067\u6d3b\u52d5\u3057\u3066\u3044\u307e\u3059\u3002<\/p>\r\n  <ul class=\"BlkArticle__listCircle\">\r\n    <li>2cm \u4ee5\u4e0b\u4e73\u304c\u3093\u306b\u5bfe\u3059\u308b\u30e9\u30b8\u30aa\u6ce2\u713c\u707c\u6cbb\u7642\u306b\u95a2\u3059\u308b\u591a\u65bd\u8a2d\u5171\u540c\u8a66\u9a13<\/li>\r\n    <li>\u30bb\u30f3\u30c1\u30cd\u30eb\u30ea\u30f3\u30d1\u7bc0\u751f\u691c\u306e\u81e8\u5e8a\u75c5\u7406\u5b66\u7684\u610f\u7fa9\u306b\u95a2\u3059\u308b\u591a\u65bd\u8a2d\u5171\u540c\u7814\u7a76<\/li>\r\n    <li>HER2\u767a\u73fe\u306e\u30c0\u30a4\u30ca\u30df\u30af\u30b9\u3092\u691c\u8a0e\u3059\u308b\u591a\u6a5f\u95a2\u5171\u540c\u7814\u7a76<\/li>\r\n    <li>\u4e73\u304c\u3093\u60a3\u8005\u306b\u304a\u3051\u308b\u8853\u5f8c\u6e80\u8db3\u5ea6\u304a\u3088\u3073\u8853\u5f0f\u9078\u629e\u306e\u610f\u601d\u6c7a\u5b9a\u306b\u95a2\u3059\u308b\u591a\u6a5f\u95a2\u5171\u540c\u7814\u7a76<\/li>\r\n    <li>\u4e73\u623f\u518d\u5efa\u8853\u5f8c\u653e\u5c04\u7dda\u6cbb\u7642\u3092\u53d7\u3051\u305f\u4e73\u304c\u3093\u60a3\u8005\u306e\u751f\u6d3b\u306e\u8cea\u30fb\u6e80\u8db3\u5ea6\u304a\u3088\u3073\u4e88\u5f8c\u3068\u5b89\u5168\u6027\u306b\u95a2\u3059\u308b\u591a\u6a5f\u95a2\u5171\u540c\u7814\u7a76<\/li>\r\n  <\/ul>\r\n<\/section>\r\n<a id=\"achieve\" name=\"achieve\"><\/a>\r\n<section class=\"BlkArticle__Contents BlkArticle__Contents--notLead\">\r\n  <h2>\u8fd1\u5e74\u306e\u4e3b\u306a\u696d\u7e3e<\/h2>\r\n  <ol class=\"BlkArticle__listNumber\">\r\n    <li>Ito T, Oura S, Nagamine S, Takahashi M, Yamamoto N, Yamamichi N, Earashi M, Doihara H, Imoto S, Mitsuyama S, Akazawa K. Radiofrequency Ablation of Breast Cancer: A Retrospective Study. Clin Breast Cancer. 2018;18(4):e495-e500.<\/li>\r\n    <li>Ito H, Ueno T, Suga H, Shiraishi T, Isaka H, Imi K, Miyamoto K, Tada M, Ishizaka Y, Imoto S: Risk factors for skin flap necrosis in breast cancer patients treated with mastectomy followed by immediate breast reconstruction. World J Surg, 2019;43(3):846-852.<\/li>\r\n    <li>Mukai H, Yamaguchi T, Takahashi M, Hozumi Y, Fujisawa T, Ohsumi S, Akabane H, Nishimura R, Takashima T, Park Y, Sagara Y, Toyama T, Imoto S, Mizuno T, Yamashita S, Fujii S, Uemura Y: Ki-67 response-guided preoperative chemotherapy for HER2-positive breast cancer: results of a randomised Phase 2 study. Br J Cancer, doi: 10.1038\/s41416-020-0815-9.<\/li>\r\n    <li>Toi M, Imoto S, Ishida T, Ito Y, Iwata H, Masuda N, Mukai H, Saji S, Shimizu A, Ikeda T, Haga H, Saeki T, Aogi K, Sugie T, Ueno T, Kinoshita T, Kai Y, Kitada M, Sato Y, Jimbo K, Sato N, Ishiguro H, Takada M, Ohashi Y, Ohno S. Adjuvant S-1 plus endocrine therapy for oestrogen receptor-positive, HER2-negative, primary breast cancer: a multicentre, open-label, randomised, controlled, phase 3 trial. Lancet Oncol, 2021;22(1):74-84. doi: 10.1016\/S1470-2045(20)30534-9.<\/li>\r\n    <li>Mathelin C, Ame S, Anyanwu S, Avisar E, Boubnider WM, Breitling K, Anie HA, Concei\u00e7\u00e3o JC, Dupont V, Elder E, Elfgen C, Elonge T, Iglesias E, Imoto S, Ioannidou-Mouzaka L, Kappos EA, Kaufmann M, Knauer M, Luzuy F, Margaritoni M, Mbodj M, Mundinger A, Orda R, Ostapenko V, \u00d6zba\u015f S, \u00d6zmen V, Pagani O, Pie\u0144kowski T, Schneebaum S, Shmalts E, Selim A, Pavel Z, Lodi M, Maghales-Costa M: Breast Cancer Management During the COVID-19 Pandemic: The Senologic International Society Survey. Eur J Breast Health 2021;17(2):188-196.<\/li>\r\n    <li>Asaga S, Tsuchiya A, Ishizaka Y, Miyamoto K, Ito H, Isaka H, Chiba T, Imoto S, Kamma H: Long-term results of fluorescence and indigo carmine blue dye-navigated sentinel lymph node biopsy. Int J Clin Oncol 2021; doi: 10.1007\/s10147-021-01925-9.<\/li>\r\n    <li>Imoto S, Wang K , Bi X-W, Liu G, Im Y-H, Im S-A, Sim SH, Ueno T, Futamura M, Toi M, Fujiwara Y, Ahn SG, Lee JE, Park YH, Takao S, Oba MS, Kitagawa Y, Nishiyama M: Survival advantage of locoregional and systemic therapy in oligometastatic breast cancer: an international retrospective cohort study (OLIGO-BC1). Breast Cancer, 2023;30:412-423. doi: 10.1007\/s12282-023-01436-7.<\/li>\r\n    <li>Saldajeno DP, Kawaoka S, Masuda N, Tanaka S, Bando H, Nishimura T, Kadoya T, Yamanaka T, Imoto S, Velaga RM, Tamura N, Aruga T, Ikeda K, Fukui Y, Maeshima Y, Takada M, Suzuki E, Ueno T, Ogawa S, Haga H, Ohno S, Morita S, Kawaguchi K, Toi M: Time-series blood cytokine profiles correlate with treatment responses in triple-negative breast cancer patients. Br J Cancer, 2024; doi: 10.1038\/s41416-023-02527-0.<\/li>\r\n    <li>Seki H, Ishiguro A, Makino A, Yamaguchi K, Imoto S: Nomogram predicting axillary lymph node dissection omission after neoadjuvant chemotherapy for node-positive breast cancer. Anticancer Res, 2024:44:5131-5138. doi: 10.21873\/anticanres.17338.<\/li>\r\n    <li>Yamamoto T, Takahashi A, Yoshizumi T, Ishihara S, Inomata M, Imoto S, Eguchi H, Ebata T, Otsuka M, Okuyama H, Kakeji Y, Kato T, Kamei T, Saiki Y, Saito A, Shimizu H, Soga Y, Tajiri T, Nogi H, Hatano E, Hara H, Bitoh Y, Mizushima T, Minatoya K, Miyagawa S, Yamauchi H, Yoshino I, Baba H, Matsubara H, Hasegawa K, Taketomi A: 2023 National Clinical Database Annual Report by the Japan Surgical Society. Surg Today, 2025, doi: 10.1007\/s00595-024-02980-1.<\/li>\r\n    <li>Kuji S, Nozawa K, Toma S, Arao H, Imoto S, Kajiyama H, Kitano A, Kodera Y, Saito R, Sakai R, Taketomi A, Nakayama R, Hiyama E, Futamura M, Matsui M, Yonemura M, Oya M, Suzuki N: Survey of healthcare professionals&#8217; awareness of appearance care for Japanese cancer patients and their institutions&#8217; appearance care systems: report from the Japan Society of Clinical Oncology. Int J Clin Oncol, 2025, doi: 10.1007\/s10147-024-02685-y.<\/li>\r\n  <\/ol>\r\n  <h3>\u65e5\u672c\u8a9e\u306e\u89e3\u8aac\u30fb\u66f8\u7c4d\u306a\u3069<\/h3>\r\n  <ol class=\"BlkArticle__listNumber\">\r\n    <li>\u6b63\u3057\u3044\u7406\u89e3\u304c\u6cbb\u7642\u306e\u7b2c\u4e00\u6b69\u3000\u4e73\u304c\u3093\uff08\u4e95\u672c \u6ecb\u8457\uff09\u3064\u3061\u3084\u66f8\u5e97<\/li>\r\n  <\/ol>\r\n<\/section>\r\n","protected":false},"excerpt":{"rendered":"<p>\u8a3a\u7642\u79d1\u7d39\u4ecb\uff08\u4ed8\u5c5e\u75c5\u9662\uff09 \u5c02\u9580\u7814\u4fee\u30d7\u30ed\u30b0\u30e9\u30e0 \u6559\u5ba4\u5c02\u4efb\u6559\u54e1 \u4ed8\u5c5e\u75c5\u9662\u30fb\u4e09\u9df9\u30ad\u30e3\u30f3\u30d1\u30b9 \u6559\u5ba4\u6982\u8981 \u65e5\u672c\u4eba\u5973\u6027\u306e\u4e73\u304c\u3093\u306f\u751f\u6daf\u30679\u4eba\u306b\uff11\u4eba\u304c\u7f79\u60a3\u3059\u308b\u3068\u63a8\u5b9a\u3055\u308c\u3001\u5e74\u959310\u4e07\u4eba\u4ee5\u4e0a\u306e\u65b9\u304c\u8a3a\u65ad\u3055\u308c\u3066\u3044\u307e\u3059\u3002\u65e5\u672c\u4eba\u5973\u6027\u306e\u60aa\u6027\u816b\u760d\u306e\u7b2c1\u4f4d [&hellip;]<\/p>\n","protected":false},"author":1,"featured_media":0,"parent":24,"menu_order":1140,"comment_status":"closed","ping_status":"closed","template":"","meta":{"footnotes":""},"section":[5],"class_list":["post-177","page","type-page","status-publish","hentry","section-clinical"],"acf":[],"_links":{"self":[{"href":"https:\/\/www.kyorin-u.ac.jp\/univ\/faculty\/medicine\/wp-json\/wp\/v2\/pages\/177","targetHints":{"allow":["GET"]}}],"collection":[{"href":"https:\/\/www.kyorin-u.ac.jp\/univ\/faculty\/medicine\/wp-json\/wp\/v2\/pages"}],"about":[{"href":"https:\/\/www.kyorin-u.ac.jp\/univ\/faculty\/medicine\/wp-json\/wp\/v2\/types\/page"}],"author":[{"embeddable":true,"href":"https:\/\/www.kyorin-u.ac.jp\/univ\/faculty\/medicine\/wp-json\/wp\/v2\/users\/1"}],"replies":[{"embeddable":true,"href":"https:\/\/www.kyorin-u.ac.jp\/univ\/faculty\/medicine\/wp-json\/wp\/v2\/comments?post=177"}],"version-history":[{"count":9,"href":"https:\/\/www.kyorin-u.ac.jp\/univ\/faculty\/medicine\/wp-json\/wp\/v2\/pages\/177\/revisions"}],"predecessor-version":[{"id":7218,"href":"https:\/\/www.kyorin-u.ac.jp\/univ\/faculty\/medicine\/wp-json\/wp\/v2\/pages\/177\/revisions\/7218"}],"up":[{"embeddable":true,"href":"https:\/\/www.kyorin-u.ac.jp\/univ\/faculty\/medicine\/wp-json\/wp\/v2\/pages\/24"}],"wp:attachment":[{"href":"https:\/\/www.kyorin-u.ac.jp\/univ\/faculty\/medicine\/wp-json\/wp\/v2\/media?parent=177"}],"wp:term":[{"taxonomy":"section","embeddable":true,"href":"https:\/\/www.kyorin-u.ac.jp\/univ\/faculty\/medicine\/wp-json\/wp\/v2\/section?post=177"}],"curies":[{"name":"wp","href":"https:\/\/api.w.org\/{rel}","templated":true}]}}